{"id":2690,"date":"2022-03-09T12:38:26","date_gmt":"2022-03-09T12:38:26","guid":{"rendered":"https:\/\/demos.pokatheme.com\/pokatheme_dark\/?page_id=2690"},"modified":"2023-12-27T18:09:17","modified_gmt":"2023-12-27T18:09:17","slug":"cookie-policy","status":"publish","type":"page","link":"http:\/\/limbogambling.com\/pt\/politica-de-cookies\/","title":{"rendered":"Pol\u00edtica de cookies"},"content":{"rendered":"<h1 class=\"wp-block-heading\">Pol\u00edtica de cookies<\/h1>\n\n\n\n<p>Esta Pol\u00edtica de Cookies explica o que s\u00e3o cookies e como os usamos. Voc\u00ea deve ler esta pol\u00edtica para entender que tipo de cookies usamos, ou as informa\u00e7\u00f5es que coletamos usando cookies e como essas informa\u00e7\u00f5es s\u00e3o usadas. <\/p>\n\n\n\n<p>Normalmente, os cookies n\u00e3o cont\u00eam nenhuma informa\u00e7\u00e3o que identifique pessoalmente um usu\u00e1rio, mas as informa\u00e7\u00f5es pessoais que armazenamos sobre voc\u00ea podem estar vinculadas \u00e0s informa\u00e7\u00f5es armazenadas e obtidas por meio de cookies. Para obter mais informa\u00e7\u00f5es sobre como usamos, armazenamos e mantemos seus dados pessoais seguros, consulte nossa Pol\u00edtica de Privacidade.<\/p>\n\n\n\n<p>N\u00e3o armazenamos informa\u00e7\u00f5es pessoais confidenciais, como endere\u00e7os de correspond\u00eancia, senhas de contas, etc., nos cookies que usamos.<\/p>\n\n\n\n<h2 class=\"wp-block-heading\">Interpreta\u00e7\u00e3o e defini\u00e7\u00f5es<\/h2>\n\n\n\n<h4 class=\"wp-block-heading\">Interpreta\u00e7\u00e3o<\/h4>\n\n\n\n<p>As palavras cuja letra inicial \u00e9 mai\u00fascula t\u00eam significados definidos nas seguintes condi\u00e7\u00f5es. As defini\u00e7\u00f5es a seguir ter\u00e3o o mesmo significado, independentemente de aparecerem no singular ou no plural.<\/p>\n\n\n\n<h4 class=\"wp-block-heading\">Defini\u00e7\u00f5es<\/h4>\n\n\n\n<p>Para os fins desta Pol\u00edtica de Cookies:<\/p>\n\n\n\n<ul class=\"wp-block-list\">\n<li><strong>Empresa<\/strong>&nbsp;(referida como \"a Empresa\", \"N\u00f3s\", \"Nos\" ou \"Nosso\" nesta Pol\u00edtica de Cookies) refere-se ao Limbo Gambling.<\/li>\n\n\n\n<li><strong>Cookies<\/strong>\u00a0s\u00e3o pequenos arquivos que s\u00e3o colocados em seu computador, dispositivo m\u00f3vel ou qualquer outro dispositivo por um site, contendo detalhes de seu hist\u00f3rico de navega\u00e7\u00e3o nesse site, entre outros usos.<\/li>\n\n\n\n<li><strong>Site<\/strong>&nbsp;refere-se ao Limbo Gambling, acess\u00edvel em&nbsp;<a href=\"https:\/\/limbogambling.com\/pt\/\" rel=\"noreferrer noopener\" target=\"_blank\">https:\/\/limbogambling.com<\/a><\/li>\n\n\n\n<li><strong>Voc\u00ea<\/strong>&nbsp;significa o indiv\u00edduo que est\u00e1 acessando ou usando o Site, ou uma empresa, ou qualquer entidade legal em nome da qual esse indiv\u00edduo est\u00e1 acessando ou usando o Site, conforme aplic\u00e1vel.<\/li>\n<\/ul>\n\n\n\n<h2 class=\"wp-block-heading\">O uso dos cookies<\/h2>\n\n\n\n<h4 class=\"wp-block-heading\">Tipos de cookies que usamos<\/h4>\n\n\n\n<p>Os cookies podem ser cookies \"persistentes\" ou de \"sess\u00e3o\". Os cookies persistentes permanecem no seu computador pessoal ou dispositivo m\u00f3vel quando voc\u00ea fica off-line, enquanto os cookies de sess\u00e3o s\u00e3o exclu\u00eddos assim que voc\u00ea fecha o navegador da Web.<\/p>\n\n\n\n<p>Usamos cookies de sess\u00e3o e persistentes para as finalidades definidas abaixo:<\/p>\n\n\n\n<ul class=\"wp-block-list\">\n<li><strong>Cookies necess\u00e1rios\/essenciais<\/strong>Tipo: Cookies de sess\u00e3oAdministrados por: Objetivo: esses cookies s\u00e3o essenciais para fornecer a voc\u00ea os servi\u00e7os dispon\u00edveis no site e para permitir que voc\u00ea use alguns de seus recursos. Eles ajudam a autenticar usu\u00e1rios e a evitar o uso fraudulento de contas de usu\u00e1rio. Sem esses cookies, os servi\u00e7os que voc\u00ea solicitou n\u00e3o podem ser fornecidos, e n\u00f3s s\u00f3 usamos esses cookies para fornecer esses servi\u00e7os a voc\u00ea.<\/li>\n\n\n\n<li><strong>Cookies de funcionalidade<\/strong>Tipo: Cookies persistentesAdministrados por: Objetivo: Esses cookies nos permitem lembrar as escolhas que voc\u00ea faz quando usa o site, como lembrar seus detalhes de login ou prefer\u00eancia de idioma. A finalidade desses cookies \u00e9 proporcionar a voc\u00ea uma experi\u00eancia mais pessoal e evitar que voc\u00ea tenha que reinserir suas prefer\u00eancias sempre que usar o site.<\/li>\n<\/ul>\n\n\n\n<h4 class=\"wp-block-heading\">Suas op\u00e7\u00f5es em rela\u00e7\u00e3o aos cookies<\/h4>\n\n\n\n<p>Se preferir evitar o uso de Cookies no Site, primeiro Voc\u00ea deve desativar o uso de Cookies no seu navegador e, em seguida, excluir os Cookies salvos no seu navegador associados a este site. Voc\u00ea pode usar essa op\u00e7\u00e3o para impedir o uso de Cookies a qualquer momento.<\/p>\n\n\n\n<p>Se voc\u00ea n\u00e3o aceitar nossos cookies, poder\u00e1 ter alguns inconvenientes no uso do site e alguns recursos poder\u00e3o n\u00e3o funcionar corretamente.<\/p>\n\n\n\n<p>Se quiser excluir cookies ou instruir seu navegador da Web a excluir ou recusar cookies, visite as p\u00e1ginas de ajuda do seu navegador da Web.<\/p>\n\n\n\n<ul class=\"wp-block-list\">\n<li>Para o navegador da Web Chrome, visite esta p\u00e1gina do Google:&nbsp;<a href=\"https:\/\/support.google.com\/accounts\/answer\/32050\" rel=\"noreferrer noopener\" target=\"_blank\">https:\/\/support.google.com\/accounts\/answer\/32050<\/a><\/li>\n\n\n\n<li>Para o navegador da Web Internet Explorer, visite esta p\u00e1gina da Microsoft:&nbsp;<a href=\"http:\/\/support.microsoft.com\/kb\/278835\" rel=\"noreferrer noopener\" target=\"_blank\">http:\/\/support.microsoft.com\/kb\/278835<\/a><\/li>\n\n\n\n<li>Para o navegador da Web Firefox, visite esta p\u00e1gina da Mozilla:&nbsp;<a href=\"https:\/\/support.mozilla.org\/en-US\/kb\/delete-cookies-remove-info-websites-stored\" rel=\"noreferrer noopener\" target=\"_blank\">https:\/\/support.mozilla.org\/en-US\/kb\/delete-cookies-remove-info-websites-stored<\/a><\/li>\n\n\n\n<li>Para o navegador Safari, visite esta p\u00e1gina da Apple:&nbsp;<a href=\"https:\/\/support.apple.com\/guide\/safari\/manage-cookies-and-website-data-sfri11471\/mac\" rel=\"noreferrer noopener\" target=\"_blank\">https:\/\/support.apple.com\/guide\/safari\/manage-cookies-and-website-data-sfri11471\/mac<\/a><\/li>\n<\/ul>\n\n\n\n<p>Para qualquer outro navegador da Web, visite as p\u00e1ginas oficiais do seu navegador.<\/p>\n\n\n\n<h4 class=\"wp-block-heading\">Entre em contato conosco<\/h4>\n\n\n\n<p>Se tiver alguma d\u00favida sobre esta Pol\u00edtica de Cookies, entre em contato conosco:<\/p>\n\n\n\n<ul class=\"wp-block-list\">\n<li>Por e-mail: admin@limbogambling.com<\/li>\n<\/ul>","protected":false},"excerpt":{"rendered":"<p>Cookies Policy This Cookies Policy explains what Cookies are and how We use them. You should read this policy so You can understand what type of cookies We use, or the information We collect using Cookies and how that information is used. Cookies do not typically contain any information that personally identifies a user, but [&hellip;]<\/p>","protected":false},"author":2,"featured_media":0,"parent":0,"menu_order":0,"comment_status":"closed","ping_status":"closed","template":"","meta":{"footnotes":""},"class_list":["post-2690","page","type-page","status-publish","hentry"],"yoast_head":"<!-- This site is optimized with the Yoast SEO plugin v23.9 - https:\/\/yoast.com\/wordpress\/plugins\/seo\/ -->\n<title>Cookie Policy | Limbo Gambling<\/title>\n<meta name=\"robots\" content=\"index, follow, max-snippet:-1, max-image-preview:large, max-video-preview:-1\" \/>\n<link rel=\"canonical\" href=\"http:\/\/limbogambling.com\/pt\/politica-de-cookies\/\" \/>\n<meta property=\"og:locale\" content=\"pt_BR\" \/>\n<meta property=\"og:type\" content=\"article\" \/>\n<meta property=\"og:title\" content=\"Cookie Policy | Limbo Gambling\" \/>\n<meta property=\"og:description\" content=\"Cookies Policy This Cookies Policy explains what Cookies are and how We use them. You should read this policy so You can understand what type of cookies We use, or the information We collect using Cookies and how that information is used. Cookies do not typically contain any information that personally identifies a user, but [&hellip;]\" \/>\n<meta property=\"og:url\" content=\"http:\/\/limbogambling.com\/pt\/politica-de-cookies\/\" \/>\n<meta property=\"og:site_name\" content=\"Limbo Gambling\" \/>\n<meta property=\"article:modified_time\" content=\"2023-12-27T18:09:17+00:00\" \/>\n<meta name=\"twitter:card\" content=\"summary_large_image\" \/>\n<meta name=\"twitter:label1\" content=\"Est. tempo de leitura\" \/>\n\t<meta name=\"twitter:data1\" content=\"3 minutos\" \/>\n<script type=\"application\/ld+json\" class=\"yoast-schema-graph\">{\"@context\":\"https:\/\/schema.org\",\"@graph\":[{\"@type\":\"WebPage\",\"@id\":\"http:\/\/limbogambling.com\/es\/politica-de-cookies\/\",\"url\":\"http:\/\/limbogambling.com\/es\/politica-de-cookies\/\",\"name\":\"Cookie Policy | Limbo Gambling\",\"isPartOf\":{\"@id\":\"http:\/\/limbogambling.com\/#website\"},\"datePublished\":\"2022-03-09T12:38:26+00:00\",\"dateModified\":\"2023-12-27T18:09:17+00:00\",\"breadcrumb\":{\"@id\":\"http:\/\/limbogambling.com\/es\/politica-de-cookies\/#breadcrumb\"},\"inLanguage\":\"pt-BR\",\"potentialAction\":[{\"@type\":\"ReadAction\",\"target\":[\"http:\/\/limbogambling.com\/es\/politica-de-cookies\/\"]}]},{\"@type\":\"BreadcrumbList\",\"@id\":\"http:\/\/limbogambling.com\/es\/politica-de-cookies\/#breadcrumb\",\"itemListElement\":[{\"@type\":\"ListItem\",\"position\":1,\"name\":\"Home\",\"item\":\"http:\/\/limbogambling.com\/\"},{\"@type\":\"ListItem\",\"position\":2,\"name\":\"Cookie Policy\"}]},{\"@type\":\"WebSite\",\"@id\":\"http:\/\/limbogambling.com\/#website\",\"url\":\"http:\/\/limbogambling.com\/\",\"name\":\"Limbo Gambling\",\"description\":\"Best Limbo Gambling Sites &amp; Casinos 2025\",\"publisher\":{\"@id\":\"http:\/\/limbogambling.com\/#organization\"},\"potentialAction\":[{\"@type\":\"SearchAction\",\"target\":{\"@type\":\"EntryPoint\",\"urlTemplate\":\"http:\/\/limbogambling.com\/?s={search_term_string}\"},\"query-input\":{\"@type\":\"PropertyValueSpecification\",\"valueRequired\":true,\"valueName\":\"search_term_string\"}}],\"inLanguage\":\"pt-BR\"},{\"@type\":\"Organization\",\"@id\":\"http:\/\/limbogambling.com\/#organization\",\"name\":\"Limbo Gambling\",\"url\":\"http:\/\/limbogambling.com\/\",\"logo\":{\"@type\":\"ImageObject\",\"inLanguage\":\"pt-BR\",\"@id\":\"http:\/\/limbogambling.com\/#\/schema\/logo\/image\/\",\"url\":\"http:\/\/limbogambling.com\/wp-content\/uploads\/2023\/12\/cropped-cropped-limbogambling-logo-e1703691515228-1.png\",\"contentUrl\":\"http:\/\/limbogambling.com\/wp-content\/uploads\/2023\/12\/cropped-cropped-limbogambling-logo-e1703691515228-1.png\",\"width\":400,\"height\":55,\"caption\":\"Limbo Gambling\"},\"image\":{\"@id\":\"http:\/\/limbogambling.com\/#\/schema\/logo\/image\/\"}}]}<\/script>\n<!-- \/ Yoast SEO plugin. -->","yoast_head_json":{"title":"Cookie Policy | Limbo Gambling","robots":{"index":"index","follow":"follow","max-snippet":"max-snippet:-1","max-image-preview":"max-image-preview:large","max-video-preview":"max-video-preview:-1"},"canonical":"http:\/\/limbogambling.com\/pt\/politica-de-cookies\/","og_locale":"pt_BR","og_type":"article","og_title":"Cookie Policy | Limbo Gambling","og_description":"Cookies Policy This Cookies Policy explains what Cookies are and how We use them. You should read this policy so You can understand what type of cookies We use, or the information We collect using Cookies and how that information is used. Cookies do not typically contain any information that personally identifies a user, but [&hellip;]","og_url":"http:\/\/limbogambling.com\/pt\/politica-de-cookies\/","og_site_name":"Limbo Gambling","article_modified_time":"2023-12-27T18:09:17+00:00","twitter_card":"summary_large_image","twitter_misc":{"Est. tempo de leitura":"3 minutos"},"schema":{"@context":"https:\/\/schema.org","@graph":[{"@type":"WebPage","@id":"http:\/\/limbogambling.com\/es\/politica-de-cookies\/","url":"http:\/\/limbogambling.com\/es\/politica-de-cookies\/","name":"Cookie Policy | Limbo Gambling","isPartOf":{"@id":"http:\/\/limbogambling.com\/#website"},"datePublished":"2022-03-09T12:38:26+00:00","dateModified":"2023-12-27T18:09:17+00:00","breadcrumb":{"@id":"http:\/\/limbogambling.com\/es\/politica-de-cookies\/#breadcrumb"},"inLanguage":"pt-BR","potentialAction":[{"@type":"ReadAction","target":["http:\/\/limbogambling.com\/es\/politica-de-cookies\/"]}]},{"@type":"BreadcrumbList","@id":"http:\/\/limbogambling.com\/es\/politica-de-cookies\/#breadcrumb","itemListElement":[{"@type":"ListItem","position":1,"name":"Home","item":"http:\/\/limbogambling.com\/"},{"@type":"ListItem","position":2,"name":"Cookie Policy"}]},{"@type":"WebSite","@id":"http:\/\/limbogambling.com\/#website","url":"http:\/\/limbogambling.com\/","name":"Limbo Gambling","description":"Best Limbo Gambling Sites &amp; Casinos 2025","publisher":{"@id":"http:\/\/limbogambling.com\/#organization"},"potentialAction":[{"@type":"SearchAction","target":{"@type":"EntryPoint","urlTemplate":"http:\/\/limbogambling.com\/?s={search_term_string}"},"query-input":{"@type":"PropertyValueSpecification","valueRequired":true,"valueName":"search_term_string"}}],"inLanguage":"pt-BR"},{"@type":"Organization","@id":"http:\/\/limbogambling.com\/#organization","name":"Limbo Gambling","url":"http:\/\/limbogambling.com\/","logo":{"@type":"ImageObject","inLanguage":"pt-BR","@id":"http:\/\/limbogambling.com\/#\/schema\/logo\/image\/","url":"http:\/\/limbogambling.com\/wp-content\/uploads\/2023\/12\/cropped-cropped-limbogambling-logo-e1703691515228-1.png","contentUrl":"http:\/\/limbogambling.com\/wp-content\/uploads\/2023\/12\/cropped-cropped-limbogambling-logo-e1703691515228-1.png","width":400,"height":55,"caption":"Limbo Gambling"},"image":{"@id":"http:\/\/limbogambling.com\/#\/schema\/logo\/image\/"}}]}},"_links":{"self":[{"href":"http:\/\/limbogambling.com\/pt\/wp-json\/wp\/v2\/pages\/2690","targetHints":{"allow":["GET"]}}],"collection":[{"href":"http:\/\/limbogambling.com\/pt\/wp-json\/wp\/v2\/pages"}],"about":[{"href":"http:\/\/limbogambling.com\/pt\/wp-json\/wp\/v2\/types\/page"}],"author":[{"embeddable":true,"href":"http:\/\/limbogambling.com\/pt\/wp-json\/wp\/v2\/users\/2"}],"replies":[{"embeddable":true,"href":"http:\/\/limbogambling.com\/pt\/wp-json\/wp\/v2\/comments?post=2690"}],"version-history":[{"count":1,"href":"http:\/\/limbogambling.com\/pt\/wp-json\/wp\/v2\/pages\/2690\/revisions"}],"predecessor-version":[{"id":3148,"href":"http:\/\/limbogambling.com\/pt\/wp-json\/wp\/v2\/pages\/2690\/revisions\/3148"}],"wp:attachment":[{"href":"http:\/\/limbogambling.com\/pt\/wp-json\/wp\/v2\/media?parent=2690"}],"curies":[{"name":"wp","href":"https:\/\/api.w.org\/{rel}","templated":true}]}}