{"id":2690,"date":"2022-03-09T12:38:26","date_gmt":"2022-03-09T12:38:26","guid":{"rendered":"https:\/\/demos.pokatheme.com\/pokatheme_dark\/?page_id=2690"},"modified":"2023-12-27T18:09:17","modified_gmt":"2023-12-27T18:09:17","slug":"cookie-policy","status":"publish","type":"page","link":"http:\/\/limbogambling.com\/fr\/politique-en-matiere-de-cookies\/","title":{"rendered":"Politique en mati\u00e8re de cookies"},"content":{"rendered":"<h1 class=\"wp-block-heading\">Politique en mati\u00e8re de cookies<\/h1>\n\n\n\n<p>La pr\u00e9sente politique en mati\u00e8re de cookies explique ce que sont les cookies et comment nous les utilisons. Vous devez lire cette politique afin de comprendre quel type de cookies nous utilisons, ou les informations que nous collectons \u00e0 l'aide de cookies et comment ces informations sont utilis\u00e9es. <\/p>\n\n\n\n<p>Les cookies ne contiennent g\u00e9n\u00e9ralement pas d'informations permettant d'identifier personnellement un utilisateur, mais les informations personnelles que nous stockons \u00e0 votre sujet peuvent \u00eatre li\u00e9es aux informations stock\u00e9es dans les cookies et obtenues \u00e0 partir de ceux-ci. Pour plus d'informations sur la mani\u00e8re dont nous utilisons, stockons et s\u00e9curisons vos donn\u00e9es personnelles, consultez notre politique de confidentialit\u00e9.<\/p>\n\n\n\n<p>Nous ne stockons pas d'informations personnelles sensibles, telles que les adresses postales, les mots de passe des comptes, etc. dans les cookies que nous utilisons.<\/p>\n\n\n\n<h2 class=\"wp-block-heading\">Interpr\u00e9tation et d\u00e9finitions<\/h2>\n\n\n\n<h4 class=\"wp-block-heading\">Interpr\u00e9tation<\/h4>\n\n\n\n<p>Les mots dont la lettre initiale est en majuscule ont des significations d\u00e9finies dans les conditions suivantes. Les d\u00e9finitions suivantes ont la m\u00eame signification, qu'elles apparaissent au singulier ou au pluriel.<\/p>\n\n\n\n<h4 class=\"wp-block-heading\">D\u00e9finitions<\/h4>\n\n\n\n<p>Aux fins de la pr\u00e9sente politique en mati\u00e8re de cookies :<\/p>\n\n\n\n<ul class=\"wp-block-list\">\n<li><strong>Entreprise<\/strong>&nbsp;(d\u00e9sign\u00e9e par \"la soci\u00e9t\u00e9\", \"nous\", \"notre\" ou \"nos\" dans la pr\u00e9sente politique en mati\u00e8re de cookies) se r\u00e9f\u00e8re \u00e0 Limbo Gambling.<\/li>\n\n\n\n<li><strong>Cookies<\/strong>\u00a0sont de petits fichiers plac\u00e9s sur votre ordinateur, votre appareil mobile ou tout autre appareil par un site web, contenant des d\u00e9tails sur votre historique de navigation sur ce site web parmi ses nombreuses utilisations.<\/li>\n\n\n\n<li><strong>Site web<\/strong>&nbsp;se r\u00e9f\u00e8re \u00e0 Limbo Gambling, accessible \u00e0 partir de&nbsp;<a href=\"https:\/\/limbogambling.com\/fr\/\" rel=\"noreferrer noopener\" target=\"_blank\">https:\/\/limbogambling.com<\/a><\/li>\n\n\n\n<li><strong>Vous<\/strong>&nbsp;d\u00e9signe la personne physique qui acc\u00e8de au site web ou l'utilise, ou une soci\u00e9t\u00e9, ou toute entit\u00e9 juridique au nom de laquelle cette personne acc\u00e8de au site web ou l'utilise, selon le cas.<\/li>\n<\/ul>\n\n\n\n<h2 class=\"wp-block-heading\">L'utilisation des cookies<\/h2>\n\n\n\n<h4 class=\"wp-block-heading\">Type de cookies que nous utilisons<\/h4>\n\n\n\n<p>Les cookies peuvent \u00eatre \"persistants\" ou \"de session\". Les cookies persistants restent sur votre ordinateur personnel ou votre appareil mobile lorsque vous \u00eates hors ligne, tandis que les cookies de session sont supprim\u00e9s d\u00e8s que vous fermez votre navigateur web.<\/p>\n\n\n\n<p>Nous utilisons des cookies de session et des cookies persistants aux fins d\u00e9crites ci-dessous :<\/p>\n\n\n\n<ul class=\"wp-block-list\">\n<li><strong>Cookies n\u00e9cessaires \/ essentiels<\/strong>Type : Cookies de sessionAdministr\u00e9s par : Objectif : Ces cookies sont essentiels pour vous fournir les services disponibles sur le site Web et vous permettre d'utiliser certaines de ses fonctions. Ils contribuent \u00e0 l'authentification des utilisateurs et \u00e0 la pr\u00e9vention de l'utilisation frauduleuse des comptes d'utilisateurs. Sans ces cookies, les services que vous avez demand\u00e9s ne peuvent pas \u00eatre fournis, et nous n'utilisons ces cookies que pour vous fournir ces services.<\/li>\n\n\n\n<li><strong>Cookies de fonctionnalit\u00e9<\/strong>Type : Cookies persistantsAdministr\u00e9s par : Objectif : Ces cookies nous permettent de nous souvenir des choix que vous faites lorsque vous utilisez le site Web, par exemple de vos donn\u00e9es de connexion ou de vos pr\u00e9f\u00e9rences linguistiques. L'objectif de ces cookies est de vous offrir une exp\u00e9rience plus personnelle et de vous \u00e9viter d'avoir \u00e0 r\u00e9introduire vos pr\u00e9f\u00e9rences \u00e0 chaque fois que vous utilisez le site Web.<\/li>\n<\/ul>\n\n\n\n<h4 class=\"wp-block-heading\">Vos choix concernant les cookies<\/h4>\n\n\n\n<p>Si vous pr\u00e9f\u00e9rez \u00e9viter l'utilisation de cookies sur le site web, vous devez d'abord d\u00e9sactiver l'utilisation de cookies dans votre navigateur, puis supprimer les cookies enregistr\u00e9s dans votre navigateur et associ\u00e9s \u00e0 ce site web. Vous pouvez utiliser cette option pour emp\u00eacher l'utilisation de cookies \u00e0 tout moment.<\/p>\n\n\n\n<p>Si vous n'acceptez pas nos cookies, il se peut que votre utilisation du site Web soit g\u00ean\u00e9e et que certaines fonctions ne fonctionnent pas correctement.<\/p>\n\n\n\n<p>Si vous souhaitez supprimer les cookies ou demander \u00e0 votre navigateur web de les supprimer ou de les refuser, veuillez consulter les pages d'aide de votre navigateur web.<\/p>\n\n\n\n<ul class=\"wp-block-list\">\n<li>Pour le navigateur web Chrome, veuillez consulter cette page de Google :&nbsp;<a href=\"https:\/\/support.google.com\/accounts\/answer\/32050\" rel=\"noreferrer noopener\" target=\"_blank\">https:\/\/support.google.com\/accounts\/answer\/32050<\/a><\/li>\n\n\n\n<li>Pour le navigateur Internet Explorer, veuillez consulter cette page de Microsoft :&nbsp;<a href=\"http:\/\/support.microsoft.com\/kb\/278835\" rel=\"noreferrer noopener\" target=\"_blank\">http:\/\/support.microsoft.com\/kb\/278835<\/a><\/li>\n\n\n\n<li>Pour le navigateur web Firefox, veuillez consulter cette page de Mozilla :&nbsp;<a href=\"https:\/\/support.mozilla.org\/en-US\/kb\/delete-cookies-remove-info-websites-stored\" rel=\"noreferrer noopener\" target=\"_blank\">https:\/\/support.mozilla.org\/en-US\/kb\/delete-cookies-remove-info-websites-stored<\/a><\/li>\n\n\n\n<li>Pour le navigateur web Safari, veuillez consulter cette page d'Apple :&nbsp;<a href=\"https:\/\/support.apple.com\/guide\/safari\/manage-cookies-and-website-data-sfri11471\/mac\" rel=\"noreferrer noopener\" target=\"_blank\">https:\/\/support.apple.com\/guide\/safari\/manage-cookies-and-website-data-sfri11471\/mac<\/a><\/li>\n<\/ul>\n\n\n\n<p>Pour tout autre navigateur web, veuillez consulter les pages web officielles de votre navigateur.<\/p>\n\n\n\n<h4 class=\"wp-block-heading\">Nous contacter<\/h4>\n\n\n\n<p>Si vous avez des questions concernant cette politique en mati\u00e8re de cookies, vous pouvez nous contacter :<\/p>\n\n\n\n<ul class=\"wp-block-list\">\n<li>Par courrier \u00e9lectronique : admin@limbogambling.com<\/li>\n<\/ul>","protected":false},"excerpt":{"rendered":"<p>Cookies Policy This Cookies Policy explains what Cookies are and how We use them. You should read this policy so You can understand what type of cookies We use, or the information We collect using Cookies and how that information is used. Cookies do not typically contain any information that personally identifies a user, but [&hellip;]<\/p>","protected":false},"author":2,"featured_media":0,"parent":0,"menu_order":0,"comment_status":"closed","ping_status":"closed","template":"","meta":{"footnotes":""},"class_list":["post-2690","page","type-page","status-publish","hentry"],"yoast_head":"<!-- This site is optimized with the Yoast SEO plugin v23.9 - https:\/\/yoast.com\/wordpress\/plugins\/seo\/ -->\n<title>Cookie Policy | Limbo Gambling<\/title>\n<meta name=\"robots\" content=\"index, follow, max-snippet:-1, max-image-preview:large, max-video-preview:-1\" \/>\n<link rel=\"canonical\" href=\"http:\/\/limbogambling.com\/fr\/politique-en-matiere-de-cookies\/\" \/>\n<meta property=\"og:locale\" content=\"fr_FR\" \/>\n<meta property=\"og:type\" content=\"article\" \/>\n<meta property=\"og:title\" content=\"Cookie Policy | Limbo Gambling\" \/>\n<meta property=\"og:description\" content=\"Cookies Policy This Cookies Policy explains what Cookies are and how We use them. You should read this policy so You can understand what type of cookies We use, or the information We collect using Cookies and how that information is used. Cookies do not typically contain any information that personally identifies a user, but [&hellip;]\" \/>\n<meta property=\"og:url\" content=\"http:\/\/limbogambling.com\/fr\/politique-en-matiere-de-cookies\/\" \/>\n<meta property=\"og:site_name\" content=\"Limbo Gambling\" \/>\n<meta property=\"article:modified_time\" content=\"2023-12-27T18:09:17+00:00\" \/>\n<meta name=\"twitter:card\" content=\"summary_large_image\" \/>\n<meta name=\"twitter:label1\" content=\"Dur\u00e9e de lecture estim\u00e9e\" \/>\n\t<meta name=\"twitter:data1\" content=\"3 minutes\" \/>\n<script type=\"application\/ld+json\" class=\"yoast-schema-graph\">{\"@context\":\"https:\/\/schema.org\",\"@graph\":[{\"@type\":\"WebPage\",\"@id\":\"http:\/\/limbogambling.com\/es\/politica-de-cookies\/\",\"url\":\"http:\/\/limbogambling.com\/es\/politica-de-cookies\/\",\"name\":\"Cookie Policy | Limbo Gambling\",\"isPartOf\":{\"@id\":\"http:\/\/limbogambling.com\/#website\"},\"datePublished\":\"2022-03-09T12:38:26+00:00\",\"dateModified\":\"2023-12-27T18:09:17+00:00\",\"breadcrumb\":{\"@id\":\"http:\/\/limbogambling.com\/es\/politica-de-cookies\/#breadcrumb\"},\"inLanguage\":\"fr-FR\",\"potentialAction\":[{\"@type\":\"ReadAction\",\"target\":[\"http:\/\/limbogambling.com\/es\/politica-de-cookies\/\"]}]},{\"@type\":\"BreadcrumbList\",\"@id\":\"http:\/\/limbogambling.com\/es\/politica-de-cookies\/#breadcrumb\",\"itemListElement\":[{\"@type\":\"ListItem\",\"position\":1,\"name\":\"Home\",\"item\":\"http:\/\/limbogambling.com\/\"},{\"@type\":\"ListItem\",\"position\":2,\"name\":\"Cookie Policy\"}]},{\"@type\":\"WebSite\",\"@id\":\"http:\/\/limbogambling.com\/#website\",\"url\":\"http:\/\/limbogambling.com\/\",\"name\":\"Limbo Gambling\",\"description\":\"Best Limbo Gambling Sites &amp; Casinos 2025\",\"publisher\":{\"@id\":\"http:\/\/limbogambling.com\/#organization\"},\"potentialAction\":[{\"@type\":\"SearchAction\",\"target\":{\"@type\":\"EntryPoint\",\"urlTemplate\":\"http:\/\/limbogambling.com\/?s={search_term_string}\"},\"query-input\":{\"@type\":\"PropertyValueSpecification\",\"valueRequired\":true,\"valueName\":\"search_term_string\"}}],\"inLanguage\":\"fr-FR\"},{\"@type\":\"Organization\",\"@id\":\"http:\/\/limbogambling.com\/#organization\",\"name\":\"Limbo Gambling\",\"url\":\"http:\/\/limbogambling.com\/\",\"logo\":{\"@type\":\"ImageObject\",\"inLanguage\":\"fr-FR\",\"@id\":\"http:\/\/limbogambling.com\/#\/schema\/logo\/image\/\",\"url\":\"http:\/\/limbogambling.com\/wp-content\/uploads\/2023\/12\/cropped-cropped-limbogambling-logo-e1703691515228-1.png\",\"contentUrl\":\"http:\/\/limbogambling.com\/wp-content\/uploads\/2023\/12\/cropped-cropped-limbogambling-logo-e1703691515228-1.png\",\"width\":400,\"height\":55,\"caption\":\"Limbo Gambling\"},\"image\":{\"@id\":\"http:\/\/limbogambling.com\/#\/schema\/logo\/image\/\"}}]}<\/script>\n<!-- \/ Yoast SEO plugin. -->","yoast_head_json":{"title":"Cookie Policy | Limbo Gambling","robots":{"index":"index","follow":"follow","max-snippet":"max-snippet:-1","max-image-preview":"max-image-preview:large","max-video-preview":"max-video-preview:-1"},"canonical":"http:\/\/limbogambling.com\/fr\/politique-en-matiere-de-cookies\/","og_locale":"fr_FR","og_type":"article","og_title":"Cookie Policy | Limbo Gambling","og_description":"Cookies Policy This Cookies Policy explains what Cookies are and how We use them. You should read this policy so You can understand what type of cookies We use, or the information We collect using Cookies and how that information is used. Cookies do not typically contain any information that personally identifies a user, but [&hellip;]","og_url":"http:\/\/limbogambling.com\/fr\/politique-en-matiere-de-cookies\/","og_site_name":"Limbo Gambling","article_modified_time":"2023-12-27T18:09:17+00:00","twitter_card":"summary_large_image","twitter_misc":{"Dur\u00e9e de lecture estim\u00e9e":"3 minutes"},"schema":{"@context":"https:\/\/schema.org","@graph":[{"@type":"WebPage","@id":"http:\/\/limbogambling.com\/es\/politica-de-cookies\/","url":"http:\/\/limbogambling.com\/es\/politica-de-cookies\/","name":"Cookie Policy | Limbo Gambling","isPartOf":{"@id":"http:\/\/limbogambling.com\/#website"},"datePublished":"2022-03-09T12:38:26+00:00","dateModified":"2023-12-27T18:09:17+00:00","breadcrumb":{"@id":"http:\/\/limbogambling.com\/es\/politica-de-cookies\/#breadcrumb"},"inLanguage":"fr-FR","potentialAction":[{"@type":"ReadAction","target":["http:\/\/limbogambling.com\/es\/politica-de-cookies\/"]}]},{"@type":"BreadcrumbList","@id":"http:\/\/limbogambling.com\/es\/politica-de-cookies\/#breadcrumb","itemListElement":[{"@type":"ListItem","position":1,"name":"Home","item":"http:\/\/limbogambling.com\/"},{"@type":"ListItem","position":2,"name":"Cookie Policy"}]},{"@type":"WebSite","@id":"http:\/\/limbogambling.com\/#website","url":"http:\/\/limbogambling.com\/","name":"Limbo Gambling","description":"Best Limbo Gambling Sites &amp; Casinos 2025","publisher":{"@id":"http:\/\/limbogambling.com\/#organization"},"potentialAction":[{"@type":"SearchAction","target":{"@type":"EntryPoint","urlTemplate":"http:\/\/limbogambling.com\/?s={search_term_string}"},"query-input":{"@type":"PropertyValueSpecification","valueRequired":true,"valueName":"search_term_string"}}],"inLanguage":"fr-FR"},{"@type":"Organization","@id":"http:\/\/limbogambling.com\/#organization","name":"Limbo Gambling","url":"http:\/\/limbogambling.com\/","logo":{"@type":"ImageObject","inLanguage":"fr-FR","@id":"http:\/\/limbogambling.com\/#\/schema\/logo\/image\/","url":"http:\/\/limbogambling.com\/wp-content\/uploads\/2023\/12\/cropped-cropped-limbogambling-logo-e1703691515228-1.png","contentUrl":"http:\/\/limbogambling.com\/wp-content\/uploads\/2023\/12\/cropped-cropped-limbogambling-logo-e1703691515228-1.png","width":400,"height":55,"caption":"Limbo Gambling"},"image":{"@id":"http:\/\/limbogambling.com\/#\/schema\/logo\/image\/"}}]}},"_links":{"self":[{"href":"http:\/\/limbogambling.com\/fr\/wp-json\/wp\/v2\/pages\/2690","targetHints":{"allow":["GET"]}}],"collection":[{"href":"http:\/\/limbogambling.com\/fr\/wp-json\/wp\/v2\/pages"}],"about":[{"href":"http:\/\/limbogambling.com\/fr\/wp-json\/wp\/v2\/types\/page"}],"author":[{"embeddable":true,"href":"http:\/\/limbogambling.com\/fr\/wp-json\/wp\/v2\/users\/2"}],"replies":[{"embeddable":true,"href":"http:\/\/limbogambling.com\/fr\/wp-json\/wp\/v2\/comments?post=2690"}],"version-history":[{"count":1,"href":"http:\/\/limbogambling.com\/fr\/wp-json\/wp\/v2\/pages\/2690\/revisions"}],"predecessor-version":[{"id":3148,"href":"http:\/\/limbogambling.com\/fr\/wp-json\/wp\/v2\/pages\/2690\/revisions\/3148"}],"wp:attachment":[{"href":"http:\/\/limbogambling.com\/fr\/wp-json\/wp\/v2\/media?parent=2690"}],"curies":[{"name":"wp","href":"https:\/\/api.w.org\/{rel}","templated":true}]}}