{"id":2695,"date":"2022-03-09T12:42:20","date_gmt":"2022-03-09T12:42:20","guid":{"rendered":"https:\/\/demos.pokatheme.com\/pokatheme_dark\/?page_id=2695"},"modified":"2023-12-27T18:12:44","modified_gmt":"2023-12-27T18:12:44","slug":"terms-conditions","status":"publish","type":"page","link":"http:\/\/limbogambling.com\/es\/condiciones\/","title":{"rendered":"Condiciones generales"},"content":{"rendered":"<h2 class=\"wp-block-heading\">Condiciones generales<\/h2>\n\n\n\n<p>Lea atentamente estas condiciones antes de utilizar nuestro Servicio.<\/p>\n\n\n\n<h2 class=\"wp-block-heading\">Interpretaci\u00f3n y definiciones<\/h2>\n\n\n\n<h3 class=\"wp-block-heading\">Interpretaci\u00f3n<\/h3>\n\n\n\n<p>Las palabras cuya letra inicial va en may\u00fascula tienen significados definidos en las condiciones siguientes. Las siguientes definiciones tendr\u00e1n el mismo significado independientemente de que aparezcan en singular o en plural.<\/p>\n\n\n\n<h3 class=\"wp-block-heading\">Definiciones<\/h3>\n\n\n\n<p>A los efectos de las presentes Condiciones Generales:<\/p>\n\n\n\n<ul class=\"wp-block-list\">\n<li><strong>Afiliado<\/strong>&nbsp;significa una entidad que controla, es controlada por o est\u00e1 bajo control com\u00fan con una parte, donde \"control\" significa la propiedad de 50% o m\u00e1s de las acciones, participaciones u otros valores con derecho a voto para la elecci\u00f3n de directores u otra autoridad de gesti\u00f3n.<\/li>\n\n\n\n<li><strong>Pa\u00eds<\/strong>&nbsp;se refiere a: California, Estados Unidos<\/li>\n\n\n\n<li><strong>Empresa<\/strong>&nbsp;(denominado \"la Empresa\", \"Nosotros\", \"Nos\" o \"Nuestro\" en el presente Acuerdo) se refiere a Limbo Gambling.<\/li>\n\n\n\n<li><strong>Dispositivo<\/strong>&nbsp;cualquier dispositivo que pueda acceder al Servicio, como un ordenador, un tel\u00e9fono m\u00f3vil o una tableta digital.<\/li>\n\n\n\n<li><strong>Servicio<\/strong>&nbsp;se refiere al Sitio web.<\/li>\n\n\n\n<li><strong>Condiciones generales<\/strong>\u00a0(tambi\u00e9n denominadas \"Condiciones\") hacen referencia a estas Condiciones que constituyen el acuerdo completo entre Usted y la Empresa en relaci\u00f3n con el uso del Servicio. <\/li>\n\n\n\n<li><strong>Servicio de redes sociales de terceros<\/strong>\u00a0se refiere a cualquier servicio o contenido (incluidos datos, informaci\u00f3n, productos o servicios) proporcionado por un tercero que pueda mostrarse, incluirse o ponerse a disposici\u00f3n a trav\u00e9s del Servicio.<\/li>\n\n\n\n<li><strong>P\u00e1gina web<\/strong>&nbsp;se refiere a Limbo Gambling, accesible desde&nbsp;<a href=\"https:\/\/limbogambling.com\/es\/\" rel=\"noreferrer noopener\" target=\"_blank\">https:\/\/limbogambling.com<\/a><\/li>\n\n\n\n<li><strong>Usted<\/strong>&nbsp;la persona f\u00edsica que accede o utiliza el Servicio, o la empresa u otra entidad jur\u00eddica en nombre de la cual dicha persona f\u00edsica accede o utiliza el Servicio, seg\u00fan proceda.<\/li>\n<\/ul>\n\n\n\n<h2 class=\"wp-block-heading\">Acuse de recibo<\/h2>\n\n\n\n<p>Estos son los T\u00e9rminos y Condiciones que rigen el uso de este Servicio y el acuerdo que opera entre Usted y la Compa\u00f1\u00eda. Estos T\u00e9rminos y Condiciones establecen los derechos y obligaciones de todos los usuarios en relaci\u00f3n con el uso del Servicio.<\/p>\n\n\n\n<p>Su acceso y uso del Servicio est\u00e1n condicionados a su aceptaci\u00f3n y cumplimiento de estos T\u00e9rminos y Condiciones. Estas Condiciones se aplican a todos los visitantes, usuarios y dem\u00e1s personas que accedan o utilicen el Servicio.<\/p>\n\n\n\n<p>Al acceder o utilizar el Servicio, Usted acepta quedar vinculado por las presentes Condiciones Generales. Si no est\u00e1 de acuerdo con alguna parte de estas Condiciones, no podr\u00e1 acceder al Servicio.<\/p>\n\n\n\n<p>Usted declara que es mayor de 18 a\u00f1os. La Empresa no permite que los menores de 18 a\u00f1os utilicen el Servicio.<\/p>\n\n\n\n<p>Su acceso y uso del Servicio tambi\u00e9n est\u00e1n condicionados a Su aceptaci\u00f3n y cumplimiento de la Pol\u00edtica de Privacidad de la Empresa. Nuestra Pol\u00edtica de Privacidad describe Nuestras pol\u00edticas y procedimientos sobre la recopilaci\u00f3n, uso y divulgaci\u00f3n de Su informaci\u00f3n personal cuando Usted utiliza la Aplicaci\u00f3n o el Sitio Web y le informa sobre Sus derechos de privacidad y c\u00f3mo le protege la ley. Lea atentamente nuestra Pol\u00edtica de Privacidad antes de utilizar nuestro Servicio.<\/p>\n\n\n\n<h2 class=\"wp-block-heading\">Enlaces a otros sitios web<\/h2>\n\n\n\n<p>Nuestro Servicio puede contener enlaces a sitios web o servicios de terceros que no son propiedad ni est\u00e1n controlados por la Empresa.<\/p>\n\n\n\n<p>La Empresa no controla ni asume responsabilidad alguna por el contenido, las pol\u00edticas de privacidad o las pr\u00e1cticas de los sitios web o servicios de terceros. Adem\u00e1s, usted reconoce y acepta que la Compa\u00f1\u00eda no ser\u00e1 responsable, directa o indirectamente, por cualquier da\u00f1o o p\u00e9rdida causada o supuestamente causada por o en conexi\u00f3n con el uso o la confianza en cualquier contenido, bienes o servicios disponibles en oa trav\u00e9s de cualquiera de dichos sitios web o servicios.<\/p>\n\n\n\n<p>Le recomendamos encarecidamente que lea los t\u00e9rminos y condiciones y las pol\u00edticas de privacidad de los sitios web o servicios de terceros que visite.<\/p>\n\n\n\n<h2 class=\"wp-block-heading\">Terminaci\u00f3n<\/h2>\n\n\n\n<p>Podemos terminar o suspender su acceso inmediatamente, sin previo aviso ni responsabilidad, por cualquier motivo, incluyendo, sin limitaci\u00f3n, si usted incumple estos T\u00e9rminos y Condiciones.<\/p>\n\n\n\n<p>En caso de rescisi\u00f3n, cesar\u00e1 inmediatamente su derecho a utilizar el Servicio.<\/p>\n\n\n\n<h2 class=\"wp-block-heading\">Limitaci\u00f3n de responsabilidad<\/h2>\n\n\n\n<p>Sin perjuicio de los da\u00f1os y perjuicios en que Usted pueda incurrir, la responsabilidad total de la Empresa y de cualquiera de sus proveedores en virtud de cualquier disposici\u00f3n de estas Condiciones y su recurso exclusivo para todo lo anterior se limitar\u00e1 al importe efectivamente pagado por Usted a trav\u00e9s del Servicio o a 100 USD si Usted no ha comprado nada a trav\u00e9s del Servicio.<\/p>\n\n\n\n<p>En la medida m\u00e1xima permitida por la legislaci\u00f3n aplicable, en ning\u00fan caso la Empresa o sus proveedores ser\u00e1n responsables de ning\u00fan da\u00f1o especial, incidental, indirecto o consecuente de ning\u00fan tipo (incluidos, entre otros, da\u00f1os por p\u00e9rdida de beneficios, p\u00e9rdida de datos u otra informaci\u00f3n, por interrupci\u00f3n del negocio, por da\u00f1os personales, p\u00e9rdida de privacidad que se deriven o est\u00e9n relacionados de alg\u00fan modo con el uso o la imposibilidad de usar el Servicio, el software de terceros y\/o el hardware de terceros utilizado con el Servicio, o de alg\u00fan otro modo en relaci\u00f3n con cualquier disposici\u00f3n de estas Condiciones), incluso si la Empresa o cualquier proveedor ha sido advertido de la posibilidad de tales da\u00f1os e incluso si la soluci\u00f3n no cumple su finalidad esencial.<\/p>\n\n\n\n<p>Algunos estados no permiten la exclusi\u00f3n de garant\u00edas impl\u00edcitas o la limitaci\u00f3n de responsabilidad por da\u00f1os incidentales o consecuentes, lo que significa que algunas de las limitaciones anteriores pueden no ser aplicables. En estos estados, la responsabilidad de cada parte se limitar\u00e1 en la mayor medida permitida por la ley.<\/p>\n\n\n\n<h2 class=\"wp-block-heading\">\"Descargo de responsabilidad \"TAL CUAL\" y \"SEG\u00daN DISPONIBILIDAD<\/h2>\n\n\n\n<p>El Servicio se le proporciona \"TAL CUAL\" y \"SEG\u00daN DISPONIBILIDAD\" y con todos los fallos y defectos sin garant\u00eda de ning\u00fan tipo. En la medida m\u00e1xima permitida por la legislaci\u00f3n aplicable, la Empresa, en su propio nombre y en nombre de sus Afiliadas y sus respectivos licenciantes y proveedores de servicios, renuncia expresamente a todas las garant\u00edas, ya sean expresas, impl\u00edcitas, legales o de otro tipo, en relaci\u00f3n con el Servicio, incluidas todas las garant\u00edas impl\u00edcitas de comerciabilidad, idoneidad para un fin determinado, titularidad y no infracci\u00f3n, y las garant\u00edas que puedan derivarse del curso de las negociaciones, el curso del rendimiento, el uso o la pr\u00e1ctica comercial. Sin limitaci\u00f3n de lo anterior, la Empresa no ofrece ninguna garant\u00eda o compromiso, y no hace ninguna representaci\u00f3n de ning\u00fan tipo de que el Servicio cumplir\u00e1 con sus requisitos, lograr\u00e1 los resultados previstos, ser\u00e1 compatible o funcionar\u00e1 con cualquier otro software, aplicaciones, sistemas o servicios, funcionar\u00e1 sin interrupci\u00f3n, cumplir\u00e1 con las normas de rendimiento o fiabilidad o estar\u00e1 libre de errores o que cualquier error o defecto puede o ser\u00e1 corregido.<\/p>\n\n\n\n<p>Sin perjuicio de lo anterior, ni la Empresa ni ninguno de sus proveedores ofrecen declaraci\u00f3n o garant\u00eda alguna, expresa o impl\u00edcita: (i) en cuanto al funcionamiento o disponibilidad del Servicio, o la informaci\u00f3n, contenido y materiales o productos incluidos en el mismo; (ii) que el Servicio ser\u00e1 ininterrumpido o libre de errores; (iii) en cuanto a la exactitud, fiabilidad o actualidad de cualquier informaci\u00f3n o contenido proporcionado a trav\u00e9s del Servicio; o (iv) que el Servicio, sus servidores, el contenido o los correos electr\u00f3nicos enviados desde o en nombre de la Compa\u00f1\u00eda est\u00e1n libres de virus, scripts, troyanos, gusanos, malware, bombas de tiempo u otros componentes da\u00f1inos.<\/p>\n\n\n\n<p>Algunas jurisdicciones no permiten la exclusi\u00f3n de determinados tipos de garant\u00edas o limitaciones de los derechos legales aplicables de un consumidor, por lo que es posible que algunas o todas las exclusiones y limitaciones anteriores no sean aplicables en su caso. Pero en tal caso, las exclusiones y limitaciones descritas en esta secci\u00f3n se aplicar\u00e1n en la mayor medida que permita la legislaci\u00f3n aplicable.<\/p>\n\n\n\n<h2 class=\"wp-block-heading\">Derecho aplicable<\/h2>\n\n\n\n<p>Las presentes Condiciones y el uso que Usted haga del Servicio se regir\u00e1n por la legislaci\u00f3n del pa\u00eds, con exclusi\u00f3n de las normas sobre conflicto de leyes. Su uso de la Aplicaci\u00f3n tambi\u00e9n puede estar sujeto a otras leyes locales, estatales, nacionales o internacionales.<\/p>\n\n\n\n<h2 class=\"wp-block-heading\">Resoluci\u00f3n de litigios<\/h2>\n\n\n\n<p>Si tiene alguna duda o disputa sobre el Servicio, acepta primero intentar resolver la disputa de manera informal poni\u00e9ndose en contacto con la Empresa.<\/p>\n\n\n\n<h2 class=\"wp-block-heading\">Para usuarios de la Uni\u00f3n Europea (UE)<\/h2>\n\n\n\n<p>Si Usted es un consumidor de la Uni\u00f3n Europea, se beneficiar\u00e1 de las disposiciones obligatorias de la legislaci\u00f3n del pa\u00eds en el que resida.<\/p>\n\n\n\n<h2 class=\"wp-block-heading\">Cumplimiento legal en Estados Unidos<\/h2>\n\n\n\n<p>Usted declara y garantiza que (i) no se encuentra en un pa\u00eds sujeto a embargo por parte del gobierno de Estados Unidos, o que haya sido designado por el gobierno de Estados Unidos como pa\u00eds \"de apoyo al terrorismo\", y (ii) no figura en ninguna lista de partes prohibidas o restringidas del gobierno de Estados Unidos.<\/p>\n\n\n\n<h2 class=\"wp-block-heading\">Divisibilidad y renuncia<\/h2>\n\n\n\n<h3 class=\"wp-block-heading\">Divisibilidad<\/h3>\n\n\n\n<p>Si alguna disposici\u00f3n de estas Condiciones se considera inaplicable o inv\u00e1lida, dicha disposici\u00f3n se modificar\u00e1 e interpretar\u00e1 para cumplir los objetivos de dicha disposici\u00f3n en la mayor medida posible seg\u00fan la legislaci\u00f3n aplicable y las disposiciones restantes continuar\u00e1n en pleno vigor y efecto.<\/p>\n\n\n\n<h3 class=\"wp-block-heading\">Renuncia<\/h3>\n\n\n\n<p>Salvo lo dispuesto en el presente documento, el hecho de no ejercer un derecho o de no exigir el cumplimiento de una obligaci\u00f3n en virtud de las presentes Condiciones no afectar\u00e1 a la capacidad de una parte para ejercer dicho derecho o exigir dicho cumplimiento en cualquier momento posterior, ni la renuncia a un incumplimiento constituir\u00e1 una renuncia a cualquier incumplimiento posterior.<\/p>\n\n\n\n<h2 class=\"wp-block-heading\">Traducci\u00f3n Interpretaci\u00f3n<\/h2>\n\n\n\n<p>Estas Condiciones Generales pueden haber sido traducidas si las hemos puesto a su disposici\u00f3n en nuestro Servicio. Usted acepta que el texto original en ingl\u00e9s prevalecer\u00e1 en caso de litigio.<\/p>\n\n\n\n<h2 class=\"wp-block-heading\">Modificaciones de las presentes condiciones<\/h2>\n\n\n\n<p>Nos reservamos el derecho, a nuestra entera discreci\u00f3n, de modificar o sustituir estas Condiciones en cualquier momento. Si una revisi\u00f3n es sustancial, haremos todo lo razonablemente posible para notificarlo con al menos 30 d\u00edas de antelaci\u00f3n antes de que los nuevos t\u00e9rminos entren en vigor. Lo que constituya un cambio sustancial se determinar\u00e1 a nuestra entera discreci\u00f3n.<\/p>\n\n\n\n<p>Al continuar accediendo o utilizando nuestro Servicio despu\u00e9s de que dichas revisiones entren en vigor, usted acepta quedar vinculado por los t\u00e9rminos revisados. Si no est\u00e1 de acuerdo con las nuevas condiciones, en su totalidad o en parte, deje de utilizar el sitio web y el Servicio.<\/p>\n\n\n\n<h2 class=\"wp-block-heading\">Contacte con nosotros<\/h2>\n\n\n\n<p>Si tiene alguna pregunta sobre estas Condiciones, puede ponerse en contacto con nosotros:<\/p>\n\n\n\n<ul class=\"wp-block-list\">\n<li>Por correo electr\u00f3nico: admin@limbogambling.com<\/li>\n<\/ul>","protected":false},"excerpt":{"rendered":"<p>Terms and Conditions Please read these terms and conditions carefully before using Our Service. Interpretation and Definitions Interpretation The words of which the initial letter is capitalized have meanings defined under the following conditions. The following definitions shall have the same meaning regardless of whether they appear in singular or in plural. Definitions For the [&hellip;]<\/p>","protected":false},"author":2,"featured_media":0,"parent":0,"menu_order":0,"comment_status":"closed","ping_status":"closed","template":"","meta":{"footnotes":""},"class_list":["post-2695","page","type-page","status-publish","hentry"],"yoast_head":"<!-- This site is optimized with the Yoast SEO plugin v23.9 - https:\/\/yoast.com\/wordpress\/plugins\/seo\/ -->\n<title>Terms &amp; Conditions | Limbo Gambling<\/title>\n<meta name=\"robots\" content=\"index, follow, max-snippet:-1, max-image-preview:large, max-video-preview:-1\" \/>\n<link rel=\"canonical\" href=\"https:\/\/limbogambling.com\/es\/condiciones\/\" \/>\n<meta property=\"og:locale\" content=\"es_ES\" \/>\n<meta property=\"og:type\" content=\"article\" \/>\n<meta property=\"og:title\" content=\"Terms &amp; Conditions | Limbo Gambling\" \/>\n<meta property=\"og:description\" content=\"Terms and Conditions Please read these terms and conditions carefully before using Our Service. Interpretation and Definitions Interpretation The words of which the initial letter is capitalized have meanings defined under the following conditions. The following definitions shall have the same meaning regardless of whether they appear in singular or in plural. Definitions For the [&hellip;]\" \/>\n<meta property=\"og:url\" content=\"https:\/\/limbogambling.com\/es\/condiciones\/\" \/>\n<meta property=\"og:site_name\" content=\"Limbo Gambling\" \/>\n<meta property=\"article:modified_time\" content=\"2023-12-27T18:12:44+00:00\" \/>\n<meta name=\"twitter:card\" content=\"summary_large_image\" \/>\n<meta name=\"twitter:label1\" content=\"Tiempo de lectura\" \/>\n\t<meta name=\"twitter:data1\" content=\"7 minutos\" \/>\n<script type=\"application\/ld+json\" class=\"yoast-schema-graph\">{\"@context\":\"https:\/\/schema.org\",\"@graph\":[{\"@type\":\"WebPage\",\"@id\":\"https:\/\/limbogambling.com\/hi\/\u0928\u093f\u092f\u092e-\u090f\u0935\u0902-\u0936\u0930\u094d\u0924\u0947\u0902\/\",\"url\":\"https:\/\/limbogambling.com\/hi\/\u0928\u093f\u092f\u092e-\u090f\u0935\u0902-\u0936\u0930\u094d\u0924\u0947\u0902\/\",\"name\":\"Terms & Conditions | Limbo Gambling\",\"isPartOf\":{\"@id\":\"https:\/\/limbogambling.com\/es\/#website\"},\"datePublished\":\"2022-03-09T12:42:20+00:00\",\"dateModified\":\"2023-12-27T18:12:44+00:00\",\"breadcrumb\":{\"@id\":\"https:\/\/limbogambling.com\/hi\/\u0928\u093f\u092f\u092e-\u090f\u0935\u0902-\u0936\u0930\u094d\u0924\u0947\u0902\/#breadcrumb\"},\"inLanguage\":\"es\",\"potentialAction\":[{\"@type\":\"ReadAction\",\"target\":[\"https:\/\/limbogambling.com\/hi\/\u0928\u093f\u092f\u092e-\u090f\u0935\u0902-\u0936\u0930\u094d\u0924\u0947\u0902\/\"]}]},{\"@type\":\"BreadcrumbList\",\"@id\":\"https:\/\/limbogambling.com\/hi\/\u0928\u093f\u092f\u092e-\u090f\u0935\u0902-\u0936\u0930\u094d\u0924\u0947\u0902\/#breadcrumb\",\"itemListElement\":[{\"@type\":\"ListItem\",\"position\":1,\"name\":\"Home\",\"item\":\"https:\/\/limbogambling.com\/es\/\"},{\"@type\":\"ListItem\",\"position\":2,\"name\":\"Terms &#038; Conditions\"}]},{\"@type\":\"WebSite\",\"@id\":\"https:\/\/limbogambling.com\/es\/#website\",\"url\":\"https:\/\/limbogambling.com\/es\/\",\"name\":\"Limbo Gambling\",\"description\":\"Best Limbo Gambling Sites &amp; Casinos 2025\",\"publisher\":{\"@id\":\"https:\/\/limbogambling.com\/es\/#organization\"},\"potentialAction\":[{\"@type\":\"SearchAction\",\"target\":{\"@type\":\"EntryPoint\",\"urlTemplate\":\"https:\/\/limbogambling.com\/es\/?s={search_term_string}\"},\"query-input\":{\"@type\":\"PropertyValueSpecification\",\"valueRequired\":true,\"valueName\":\"search_term_string\"}}],\"inLanguage\":\"es\"},{\"@type\":\"Organization\",\"@id\":\"https:\/\/limbogambling.com\/es\/#organization\",\"name\":\"Limbo Gambling\",\"url\":\"https:\/\/limbogambling.com\/es\/\",\"logo\":{\"@type\":\"ImageObject\",\"inLanguage\":\"es\",\"@id\":\"https:\/\/limbogambling.com\/es\/#\/schema\/logo\/image\/\",\"url\":\"http:\/\/limbogambling.com\/wp-content\/uploads\/2023\/12\/cropped-cropped-limbogambling-logo-e1703691515228-1.png\",\"contentUrl\":\"http:\/\/limbogambling.com\/wp-content\/uploads\/2023\/12\/cropped-cropped-limbogambling-logo-e1703691515228-1.png\",\"width\":400,\"height\":55,\"caption\":\"Limbo Gambling\"},\"image\":{\"@id\":\"https:\/\/limbogambling.com\/es\/#\/schema\/logo\/image\/\"}}]}<\/script>\n<!-- \/ Yoast SEO plugin. -->","yoast_head_json":{"title":"Terms & Conditions | Limbo Gambling","robots":{"index":"index","follow":"follow","max-snippet":"max-snippet:-1","max-image-preview":"max-image-preview:large","max-video-preview":"max-video-preview:-1"},"canonical":"https:\/\/limbogambling.com\/es\/condiciones\/","og_locale":"es_ES","og_type":"article","og_title":"Terms & Conditions | Limbo Gambling","og_description":"Terms and Conditions Please read these terms and conditions carefully before using Our Service. Interpretation and Definitions Interpretation The words of which the initial letter is capitalized have meanings defined under the following conditions. The following definitions shall have the same meaning regardless of whether they appear in singular or in plural. Definitions For the [&hellip;]","og_url":"https:\/\/limbogambling.com\/es\/condiciones\/","og_site_name":"Limbo Gambling","article_modified_time":"2023-12-27T18:12:44+00:00","twitter_card":"summary_large_image","twitter_misc":{"Tiempo de lectura":"7 minutos"},"schema":{"@context":"https:\/\/schema.org","@graph":[{"@type":"WebPage","@id":"https:\/\/limbogambling.com\/hi\/\u0928\u093f\u092f\u092e-\u090f\u0935\u0902-\u0936\u0930\u094d\u0924\u0947\u0902\/","url":"https:\/\/limbogambling.com\/hi\/\u0928\u093f\u092f\u092e-\u090f\u0935\u0902-\u0936\u0930\u094d\u0924\u0947\u0902\/","name":"Terms & Conditions | Limbo Gambling","isPartOf":{"@id":"https:\/\/limbogambling.com\/es\/#website"},"datePublished":"2022-03-09T12:42:20+00:00","dateModified":"2023-12-27T18:12:44+00:00","breadcrumb":{"@id":"https:\/\/limbogambling.com\/hi\/\u0928\u093f\u092f\u092e-\u090f\u0935\u0902-\u0936\u0930\u094d\u0924\u0947\u0902\/#breadcrumb"},"inLanguage":"es","potentialAction":[{"@type":"ReadAction","target":["https:\/\/limbogambling.com\/hi\/\u0928\u093f\u092f\u092e-\u090f\u0935\u0902-\u0936\u0930\u094d\u0924\u0947\u0902\/"]}]},{"@type":"BreadcrumbList","@id":"https:\/\/limbogambling.com\/hi\/\u0928\u093f\u092f\u092e-\u090f\u0935\u0902-\u0936\u0930\u094d\u0924\u0947\u0902\/#breadcrumb","itemListElement":[{"@type":"ListItem","position":1,"name":"Home","item":"https:\/\/limbogambling.com\/es\/"},{"@type":"ListItem","position":2,"name":"Terms &#038; Conditions"}]},{"@type":"WebSite","@id":"https:\/\/limbogambling.com\/es\/#website","url":"https:\/\/limbogambling.com\/es\/","name":"Limbo Gambling","description":"Best Limbo Gambling Sites &amp; Casinos 2025","publisher":{"@id":"https:\/\/limbogambling.com\/es\/#organization"},"potentialAction":[{"@type":"SearchAction","target":{"@type":"EntryPoint","urlTemplate":"https:\/\/limbogambling.com\/es\/?s={search_term_string}"},"query-input":{"@type":"PropertyValueSpecification","valueRequired":true,"valueName":"search_term_string"}}],"inLanguage":"es"},{"@type":"Organization","@id":"https:\/\/limbogambling.com\/es\/#organization","name":"Limbo Gambling","url":"https:\/\/limbogambling.com\/es\/","logo":{"@type":"ImageObject","inLanguage":"es","@id":"https:\/\/limbogambling.com\/es\/#\/schema\/logo\/image\/","url":"http:\/\/limbogambling.com\/wp-content\/uploads\/2023\/12\/cropped-cropped-limbogambling-logo-e1703691515228-1.png","contentUrl":"http:\/\/limbogambling.com\/wp-content\/uploads\/2023\/12\/cropped-cropped-limbogambling-logo-e1703691515228-1.png","width":400,"height":55,"caption":"Limbo Gambling"},"image":{"@id":"https:\/\/limbogambling.com\/es\/#\/schema\/logo\/image\/"}}]}},"_links":{"self":[{"href":"http:\/\/limbogambling.com\/es\/wp-json\/wp\/v2\/pages\/2695","targetHints":{"allow":["GET"]}}],"collection":[{"href":"http:\/\/limbogambling.com\/es\/wp-json\/wp\/v2\/pages"}],"about":[{"href":"http:\/\/limbogambling.com\/es\/wp-json\/wp\/v2\/types\/page"}],"author":[{"embeddable":true,"href":"http:\/\/limbogambling.com\/es\/wp-json\/wp\/v2\/users\/2"}],"replies":[{"embeddable":true,"href":"http:\/\/limbogambling.com\/es\/wp-json\/wp\/v2\/comments?post=2695"}],"version-history":[{"count":1,"href":"http:\/\/limbogambling.com\/es\/wp-json\/wp\/v2\/pages\/2695\/revisions"}],"predecessor-version":[{"id":3151,"href":"http:\/\/limbogambling.com\/es\/wp-json\/wp\/v2\/pages\/2695\/revisions\/3151"}],"wp:attachment":[{"href":"http:\/\/limbogambling.com\/es\/wp-json\/wp\/v2\/media?parent=2695"}],"curies":[{"name":"wp","href":"https:\/\/api.w.org\/{rel}","templated":true}]}}