{"id":2690,"date":"2022-03-09T12:38:26","date_gmt":"2022-03-09T12:38:26","guid":{"rendered":"https:\/\/demos.pokatheme.com\/pokatheme_dark\/?page_id=2690"},"modified":"2023-12-27T18:09:17","modified_gmt":"2023-12-27T18:09:17","slug":"cookie-policy","status":"publish","type":"page","link":"http:\/\/limbogambling.com\/es\/politica-de-cookies\/","title":{"rendered":"Pol\u00edtica de cookies"},"content":{"rendered":"<h1 class=\"wp-block-heading\">Pol\u00edtica de cookies<\/h1>\n\n\n\n<p>Esta Pol\u00edtica de Cookies explica qu\u00e9 son las Cookies y c\u00f3mo las utilizamos. Debe leer esta pol\u00edtica para poder entender qu\u00e9 tipo de cookies utilizamos, o la informaci\u00f3n que recopilamos utilizando Cookies y c\u00f3mo se utiliza esa informaci\u00f3n. <\/p>\n\n\n\n<p>Las cookies no suelen contener informaci\u00f3n que identifique personalmente a un usuario, pero la informaci\u00f3n personal que almacenamos sobre Usted puede estar vinculada a la informaci\u00f3n almacenada y obtenida de las cookies. Para m\u00e1s informaci\u00f3n sobre c\u00f3mo utilizamos, almacenamos y mantenemos seguros sus datos personales, consulte nuestra Pol\u00edtica de Privacidad.<\/p>\n\n\n\n<p>No almacenamos informaci\u00f3n personal sensible, como direcciones de correo, contrase\u00f1as de cuentas, etc. en las cookies que utilizamos.<\/p>\n\n\n\n<h2 class=\"wp-block-heading\">Interpretaci\u00f3n y definiciones<\/h2>\n\n\n\n<h4 class=\"wp-block-heading\">Interpretaci\u00f3n<\/h4>\n\n\n\n<p>Las palabras cuya letra inicial va en may\u00fascula tienen significados definidos en las condiciones siguientes. Las siguientes definiciones tendr\u00e1n el mismo significado independientemente de que aparezcan en singular o en plural.<\/p>\n\n\n\n<h4 class=\"wp-block-heading\">Definiciones<\/h4>\n\n\n\n<p>A los efectos de la presente Pol\u00edtica de Cookies:<\/p>\n\n\n\n<ul class=\"wp-block-list\">\n<li><strong>Empresa<\/strong>&nbsp;(en adelante \"la Empresa\", \"Nosotros\", \"Nos\" o \"Nuestro\" en esta Pol\u00edtica de Cookies) se refiere a Limbo Gambling.<\/li>\n\n\n\n<li><strong>Cookies<\/strong>\u00a0son peque\u00f1os archivos que un sitio web coloca en su ordenador, dispositivo m\u00f3vil o cualquier otro dispositivo y que contienen, entre otras cosas, detalles de su historial de navegaci\u00f3n en ese sitio web.<\/li>\n\n\n\n<li><strong>P\u00e1gina web<\/strong>&nbsp;se refiere a Limbo Gambling, accesible desde&nbsp;<a href=\"https:\/\/limbogambling.com\/es\/\" rel=\"noreferrer noopener\" target=\"_blank\">https:\/\/limbogambling.com<\/a><\/li>\n\n\n\n<li><strong>Usted<\/strong>&nbsp;se refiere a la persona f\u00edsica que accede o utiliza el Sitio Web, o a una empresa, o a cualquier entidad jur\u00eddica en nombre de la cual dicha persona f\u00edsica accede o utiliza el Sitio Web, seg\u00fan proceda.<\/li>\n<\/ul>\n\n\n\n<h2 class=\"wp-block-heading\">Uso de las cookies<\/h2>\n\n\n\n<h4 class=\"wp-block-heading\">Tipo de cookies que utilizamos<\/h4>\n\n\n\n<p>Las cookies pueden ser \"persistentes\" o \"de sesi\u00f3n\". Las Cookies persistentes permanecen en su ordenador personal o dispositivo m\u00f3vil cuando se desconecta, mientras que las Cookies de sesi\u00f3n se eliminan en cuanto cierra su navegador web.<\/p>\n\n\n\n<p>Utilizamos tanto cookies de sesi\u00f3n como cookies persistentes para los fines que se indican a continuaci\u00f3n:<\/p>\n\n\n\n<ul class=\"wp-block-list\">\n<li><strong>Cookies necesarias \/ esenciales<\/strong>Tipo: Cookies de sesi\u00f3nAdministradas por: NosotrosFinalidad: Estas Cookies son esenciales para proporcionarle servicios disponibles a trav\u00e9s del Sitio Web y permitirle utilizar algunas de sus funciones. Ayudan a autenticar a los usuarios y a evitar el uso fraudulento de las cuentas de usuario. Sin estas Cookies, los servicios que Usted ha solicitado no pueden ser proporcionados, y s\u00f3lo utilizamos estas Cookies para proporcionarle dichos servicios.<\/li>\n\n\n\n<li><strong>Cookies de funcionalidad<\/strong>Tipo: Cookies persistentesAdministradas por: NosotrosFinalidad: Estas Cookies nos permiten recordar las elecciones que Usted realiza cuando utiliza el Sitio Web, como recordar sus datos de inicio de sesi\u00f3n o su preferencia de idioma. El objetivo de estas Cookies es proporcionarle una experiencia m\u00e1s personal y evitar que tenga que volver a introducir sus preferencias cada vez que utilice el Sitio Web.<\/li>\n<\/ul>\n\n\n\n<h4 class=\"wp-block-heading\">Sus opciones con respecto a las cookies<\/h4>\n\n\n\n<p>Si prefiere evitar el uso de Cookies en el Sitio Web, primero debe desactivar el uso de Cookies en su navegador y despu\u00e9s eliminar las Cookies guardadas en su navegador asociadas a este sitio web. Puede utilizar esta opci\u00f3n para evitar el uso de Cookies en cualquier momento.<\/p>\n\n\n\n<p>Si no acepta nuestras cookies, es posible que experimente algunos inconvenientes en el uso del sitio web y que algunas funciones no funcionen correctamente.<\/p>\n\n\n\n<p>Si desea eliminar las cookies o indicar a su navegador que las elimine o rechace, visite las p\u00e1ginas de ayuda de su navegador.<\/p>\n\n\n\n<ul class=\"wp-block-list\">\n<li>Para el navegador Chrome, visite esta p\u00e1gina de Google:&nbsp;<a href=\"https:\/\/support.google.com\/accounts\/answer\/32050\" rel=\"noreferrer noopener\" target=\"_blank\">https:\/\/support.google.com\/accounts\/answer\/32050<\/a><\/li>\n\n\n\n<li>Para el navegador Internet Explorer, visite esta p\u00e1gina de Microsoft:&nbsp;<a href=\"http:\/\/support.microsoft.com\/kb\/278835\" rel=\"noreferrer noopener\" target=\"_blank\">http:\/\/support.microsoft.com\/kb\/278835<\/a><\/li>\n\n\n\n<li>Para el navegador Firefox, visite esta p\u00e1gina de Mozilla:&nbsp;<a href=\"https:\/\/support.mozilla.org\/en-US\/kb\/delete-cookies-remove-info-websites-stored\" rel=\"noreferrer noopener\" target=\"_blank\">https:\/\/support.mozilla.org\/en-US\/kb\/delete-cookies-remove-info-websites-stored<\/a><\/li>\n\n\n\n<li>Para el navegador Safari, visite esta p\u00e1gina de Apple:&nbsp;<a href=\"https:\/\/support.apple.com\/guide\/safari\/manage-cookies-and-website-data-sfri11471\/mac\" rel=\"noreferrer noopener\" target=\"_blank\">https:\/\/support.apple.com\/guide\/safari\/manage-cookies-and-website-data-sfri11471\/mac<\/a><\/li>\n<\/ul>\n\n\n\n<p>Para cualquier otro navegador, visite las p\u00e1ginas oficiales de su navegador.<\/p>\n\n\n\n<h4 class=\"wp-block-heading\">Contacte con nosotros<\/h4>\n\n\n\n<p>Si tiene alguna pregunta sobre esta Pol\u00edtica de Cookies, puede ponerse en contacto con nosotros:<\/p>\n\n\n\n<ul class=\"wp-block-list\">\n<li>Por correo electr\u00f3nico: admin@limbogambling.com<\/li>\n<\/ul>","protected":false},"excerpt":{"rendered":"<p>Cookies Policy This Cookies Policy explains what Cookies are and how We use them. You should read this policy so You can understand what type of cookies We use, or the information We collect using Cookies and how that information is used. Cookies do not typically contain any information that personally identifies a user, but [&hellip;]<\/p>","protected":false},"author":2,"featured_media":0,"parent":0,"menu_order":0,"comment_status":"closed","ping_status":"closed","template":"","meta":{"footnotes":""},"class_list":["post-2690","page","type-page","status-publish","hentry"],"yoast_head":"<!-- This site is optimized with the Yoast SEO plugin v23.9 - https:\/\/yoast.com\/wordpress\/plugins\/seo\/ -->\n<title>Cookie Policy | Limbo Gambling<\/title>\n<meta name=\"robots\" content=\"index, follow, max-snippet:-1, max-image-preview:large, max-video-preview:-1\" \/>\n<link rel=\"canonical\" href=\"https:\/\/limbogambling.com\/es\/politica-de-cookies\/\" \/>\n<meta property=\"og:locale\" content=\"es_ES\" \/>\n<meta property=\"og:type\" content=\"article\" \/>\n<meta property=\"og:title\" content=\"Cookie Policy | Limbo Gambling\" \/>\n<meta property=\"og:description\" content=\"Cookies Policy This Cookies Policy explains what Cookies are and how We use them. You should read this policy so You can understand what type of cookies We use, or the information We collect using Cookies and how that information is used. Cookies do not typically contain any information that personally identifies a user, but [&hellip;]\" \/>\n<meta property=\"og:url\" content=\"https:\/\/limbogambling.com\/es\/politica-de-cookies\/\" \/>\n<meta property=\"og:site_name\" content=\"Limbo Gambling\" \/>\n<meta property=\"article:modified_time\" content=\"2023-12-27T18:09:17+00:00\" \/>\n<meta name=\"twitter:card\" content=\"summary_large_image\" \/>\n<meta name=\"twitter:label1\" content=\"Tiempo de lectura\" \/>\n\t<meta name=\"twitter:data1\" content=\"3 minutos\" \/>\n<script type=\"application\/ld+json\" class=\"yoast-schema-graph\">{\"@context\":\"https:\/\/schema.org\",\"@graph\":[{\"@type\":\"WebPage\",\"@id\":\"https:\/\/limbogambling.com\/cookie-policy\/\",\"url\":\"https:\/\/limbogambling.com\/cookie-policy\/\",\"name\":\"Cookie Policy | Limbo Gambling\",\"isPartOf\":{\"@id\":\"http:\/\/limbogambling.com\/#website\"},\"datePublished\":\"2022-03-09T12:38:26+00:00\",\"dateModified\":\"2023-12-27T18:09:17+00:00\",\"breadcrumb\":{\"@id\":\"https:\/\/limbogambling.com\/cookie-policy\/#breadcrumb\"},\"inLanguage\":\"es\",\"potentialAction\":[{\"@type\":\"ReadAction\",\"target\":[\"https:\/\/limbogambling.com\/cookie-policy\/\"]}]},{\"@type\":\"BreadcrumbList\",\"@id\":\"https:\/\/limbogambling.com\/cookie-policy\/#breadcrumb\",\"itemListElement\":[{\"@type\":\"ListItem\",\"position\":1,\"name\":\"Home\",\"item\":\"http:\/\/limbogambling.com\/\"},{\"@type\":\"ListItem\",\"position\":2,\"name\":\"Cookie Policy\"}]},{\"@type\":\"WebSite\",\"@id\":\"http:\/\/limbogambling.com\/#website\",\"url\":\"http:\/\/limbogambling.com\/\",\"name\":\"Limbo Gambling\",\"description\":\"Best Limbo Gambling Sites &amp; Casinos 2025\",\"publisher\":{\"@id\":\"http:\/\/limbogambling.com\/#organization\"},\"potentialAction\":[{\"@type\":\"SearchAction\",\"target\":{\"@type\":\"EntryPoint\",\"urlTemplate\":\"http:\/\/limbogambling.com\/?s={search_term_string}\"},\"query-input\":{\"@type\":\"PropertyValueSpecification\",\"valueRequired\":true,\"valueName\":\"search_term_string\"}}],\"inLanguage\":\"es\"},{\"@type\":\"Organization\",\"@id\":\"http:\/\/limbogambling.com\/#organization\",\"name\":\"Limbo Gambling\",\"url\":\"http:\/\/limbogambling.com\/\",\"logo\":{\"@type\":\"ImageObject\",\"inLanguage\":\"es\",\"@id\":\"http:\/\/limbogambling.com\/#\/schema\/logo\/image\/\",\"url\":\"http:\/\/limbogambling.com\/wp-content\/uploads\/2023\/12\/cropped-cropped-limbogambling-logo-e1703691515228-1.png\",\"contentUrl\":\"http:\/\/limbogambling.com\/wp-content\/uploads\/2023\/12\/cropped-cropped-limbogambling-logo-e1703691515228-1.png\",\"width\":400,\"height\":55,\"caption\":\"Limbo Gambling\"},\"image\":{\"@id\":\"http:\/\/limbogambling.com\/#\/schema\/logo\/image\/\"}}]}<\/script>\n<!-- \/ Yoast SEO plugin. -->","yoast_head_json":{"title":"Cookie Policy | Limbo Gambling","robots":{"index":"index","follow":"follow","max-snippet":"max-snippet:-1","max-image-preview":"max-image-preview:large","max-video-preview":"max-video-preview:-1"},"canonical":"https:\/\/limbogambling.com\/es\/politica-de-cookies\/","og_locale":"es_ES","og_type":"article","og_title":"Cookie Policy | Limbo Gambling","og_description":"Cookies Policy This Cookies Policy explains what Cookies are and how We use them. You should read this policy so You can understand what type of cookies We use, or the information We collect using Cookies and how that information is used. Cookies do not typically contain any information that personally identifies a user, but [&hellip;]","og_url":"https:\/\/limbogambling.com\/es\/politica-de-cookies\/","og_site_name":"Limbo Gambling","article_modified_time":"2023-12-27T18:09:17+00:00","twitter_card":"summary_large_image","twitter_misc":{"Tiempo de lectura":"3 minutos"},"schema":{"@context":"https:\/\/schema.org","@graph":[{"@type":"WebPage","@id":"https:\/\/limbogambling.com\/cookie-policy\/","url":"https:\/\/limbogambling.com\/cookie-policy\/","name":"Cookie Policy | Limbo Gambling","isPartOf":{"@id":"http:\/\/limbogambling.com\/#website"},"datePublished":"2022-03-09T12:38:26+00:00","dateModified":"2023-12-27T18:09:17+00:00","breadcrumb":{"@id":"https:\/\/limbogambling.com\/cookie-policy\/#breadcrumb"},"inLanguage":"es","potentialAction":[{"@type":"ReadAction","target":["https:\/\/limbogambling.com\/cookie-policy\/"]}]},{"@type":"BreadcrumbList","@id":"https:\/\/limbogambling.com\/cookie-policy\/#breadcrumb","itemListElement":[{"@type":"ListItem","position":1,"name":"Home","item":"http:\/\/limbogambling.com\/"},{"@type":"ListItem","position":2,"name":"Cookie Policy"}]},{"@type":"WebSite","@id":"http:\/\/limbogambling.com\/#website","url":"http:\/\/limbogambling.com\/","name":"Limbo Gambling","description":"Best Limbo Gambling Sites &amp; Casinos 2025","publisher":{"@id":"http:\/\/limbogambling.com\/#organization"},"potentialAction":[{"@type":"SearchAction","target":{"@type":"EntryPoint","urlTemplate":"http:\/\/limbogambling.com\/?s={search_term_string}"},"query-input":{"@type":"PropertyValueSpecification","valueRequired":true,"valueName":"search_term_string"}}],"inLanguage":"es"},{"@type":"Organization","@id":"http:\/\/limbogambling.com\/#organization","name":"Limbo Gambling","url":"http:\/\/limbogambling.com\/","logo":{"@type":"ImageObject","inLanguage":"es","@id":"http:\/\/limbogambling.com\/#\/schema\/logo\/image\/","url":"http:\/\/limbogambling.com\/wp-content\/uploads\/2023\/12\/cropped-cropped-limbogambling-logo-e1703691515228-1.png","contentUrl":"http:\/\/limbogambling.com\/wp-content\/uploads\/2023\/12\/cropped-cropped-limbogambling-logo-e1703691515228-1.png","width":400,"height":55,"caption":"Limbo Gambling"},"image":{"@id":"http:\/\/limbogambling.com\/#\/schema\/logo\/image\/"}}]}},"_links":{"self":[{"href":"http:\/\/limbogambling.com\/es\/wp-json\/wp\/v2\/pages\/2690","targetHints":{"allow":["GET"]}}],"collection":[{"href":"http:\/\/limbogambling.com\/es\/wp-json\/wp\/v2\/pages"}],"about":[{"href":"http:\/\/limbogambling.com\/es\/wp-json\/wp\/v2\/types\/page"}],"author":[{"embeddable":true,"href":"http:\/\/limbogambling.com\/es\/wp-json\/wp\/v2\/users\/2"}],"replies":[{"embeddable":true,"href":"http:\/\/limbogambling.com\/es\/wp-json\/wp\/v2\/comments?post=2690"}],"version-history":[{"count":1,"href":"http:\/\/limbogambling.com\/es\/wp-json\/wp\/v2\/pages\/2690\/revisions"}],"predecessor-version":[{"id":3148,"href":"http:\/\/limbogambling.com\/es\/wp-json\/wp\/v2\/pages\/2690\/revisions\/3148"}],"wp:attachment":[{"href":"http:\/\/limbogambling.com\/es\/wp-json\/wp\/v2\/media?parent=2690"}],"curies":[{"name":"wp","href":"https:\/\/api.w.org\/{rel}","templated":true}]}}